{"id":10472,"date":"2025-11-05T14:15:35","date_gmt":"2025-11-05T11:15:35","guid":{"rendered":"https:\/\/www.istanbulsanatferforje.com\/?page_id=10472"},"modified":"2025-11-13T17:56:09","modified_gmt":"2025-11-13T14:56:09","slug":"winter-garden","status":"publish","type":"page","link":"https:\/\/www.istanbulsanatferforje.com\/en\/products\/winter-garden","title":{"rendered":"Winter Garden"},"content":{"rendered":"<h1><strong>Wrought Iron Winter Gardens<\/strong><strong><\/p>\n<p>A Combination of Luxury, Architectural Elegance, and Durability<\/h1>\n<hr \/>\n<p><strong>Istanbul Sanat Ferforje interprets iron not only as a building material but also as an artistic element that transforms living spaces. Handcrafted wrought iron winter gardens and gazebos are designed for living in touch with nature throughout all four seasons. Reflecting aesthetics, comfort, and strength in every detail, these special structures offer a unique architectural touch for villas, mansions, and prestigious living spaces.<\/p>\n<p><\/strong><\/p>\n<div class=\"gallery\"><div class=\"row\"><div class=\"col-md-4 col-sm-6 col-xs-6\">\n                            <div class=\"gal\">\n                                <div class=\"gWrap\"><span>B\u00dcY\u00dcT<\/span><\/div>\n\t\t\t\t\t\t\t\t<img decoding=\"async\" src=\"https:\/\/www.istanbulsanatferforje.com\/wp-content\/uploads\/2025\/11\/Ferforje-Kis-Bahcesi-Model-No-ISF-KIS.004-3-278x278.jpg\" title=\"Ferforje-Kis-Bahcesi-Model-No-ISF-KIS.004-3\" alt=\"Modern klasik tarzda siyah ferforje k\u0131\u015f bah\u00e7esi yan cephe g\u00f6r\u00fcn\u00fcm\u00fc\" \/>                               \n                                <a href=\"https:\/\/www.istanbulsanatferforje.com\/wp-content\/uploads\/2025\/11\/Ferforje-Kis-Bahcesi-Model-No-ISF-KIS.004-3.jpg\" data-fancybox=\"product\" class=\"mask\"><\/a>\n                            <\/div>  \n                        <\/div><div class=\"col-md-4 col-sm-6 col-xs-6\">\n                            <div class=\"gal\">\n                                <div class=\"gWrap\"><span>B\u00dcY\u00dcT<\/span><\/div>\n\t\t\t\t\t\t\t\t<img decoding=\"async\" src=\"https:\/\/www.istanbulsanatferforje.com\/wp-content\/uploads\/2025\/11\/Ferforje-Kis-Bahcesi-Model-No-ISF-KIS.004-2-278x278.jpg\" title=\"Ferforje-Kis-Bahcesi-Model-No-ISF-KIS.004-2\" alt=\"Klasik mimaride ferforje k\u0131\u015f bah\u00e7esi giri\u015fi ve \u00e7at\u0131 detay\u0131\" \/>                               \n                                <a href=\"https:\/\/www.istanbulsanatferforje.com\/wp-content\/uploads\/2025\/11\/Ferforje-Kis-Bahcesi-Model-No-ISF-KIS.004-2.jpg\" data-fancybox=\"product\" class=\"mask\"><\/a>\n                            <\/div>  \n                        <\/div><div class=\"col-md-4 col-sm-6 col-xs-6\">\n                            <div class=\"gal\">\n                                <div class=\"gWrap\"><span>B\u00dcY\u00dcT<\/span><\/div>\n\t\t\t\t\t\t\t\t<img decoding=\"async\" src=\"https:\/\/www.istanbulsanatferforje.com\/wp-content\/uploads\/2025\/11\/Ferforje-Kis-Bahcesi-Model-No-ISF-KIS.004-1-278x278.jpg\" title=\"Ferforje-Kis-Bahcesi-Model-No-ISF-KIS.004-1\" alt=\"Deniz manzaral\u0131 geni\u015f ferforje k\u0131\u015f bah\u00e7esi tasar\u0131m\u0131\" \/>                               \n                                <a href=\"https:\/\/www.istanbulsanatferforje.com\/wp-content\/uploads\/2025\/11\/Ferforje-Kis-Bahcesi-Model-No-ISF-KIS.004-1.jpg\" data-fancybox=\"product\" class=\"mask\"><\/a>\n                            <\/div>  \n                        <\/div><div class=\"col-md-4 col-sm-6 col-xs-6\">\n                            <div class=\"gal\">\n                                <div class=\"gWrap\"><span>B\u00dcY\u00dcT<\/span><\/div>\n\t\t\t\t\t\t\t\t<img decoding=\"async\" src=\"https:\/\/www.istanbulsanatferforje.com\/wp-content\/uploads\/2025\/11\/Ferforje-Kis-Bahcesi-Model-No-ISF-KIS.003-1-1-278x278.jpg\" title=\"Wrought Iron Winter Garden | Comfortable for Day and Night Use\" alt=\"\" \/>                               \n                                <a href=\"https:\/\/www.istanbulsanatferforje.com\/wp-content\/uploads\/2025\/11\/Ferforje-Kis-Bahcesi-Model-No-ISF-KIS.003-1-1.jpg\" data-fancybox=\"product\" class=\"mask\"><\/a>\n                            <\/div>  \n                        <\/div><div class=\"col-md-4 col-sm-6 col-xs-6\">\n                            <div class=\"gal\">\n                                <div class=\"gWrap\"><span>B\u00dcY\u00dcT<\/span><\/div>\n\t\t\t\t\t\t\t\t<img decoding=\"async\" src=\"https:\/\/www.istanbulsanatferforje.com\/wp-content\/uploads\/2025\/11\/Ferforje-Kis-Bahcesi-Model-No-ISF-KIS.003-2-1-278x278.jpg\" title=\"Wrought Iron Winter Garden | Spacious Interior Design with Glass Ceiling\" alt=\"Wrought iron winter garden interior ceiling detail\" \/>                               \n                                <a href=\"https:\/\/www.istanbulsanatferforje.com\/wp-content\/uploads\/2025\/11\/Ferforje-Kis-Bahcesi-Model-No-ISF-KIS.003-2-1.jpg\" data-fancybox=\"product\" class=\"mask\"><\/a>\n                            <\/div>  \n                        <\/div><div class=\"col-md-4 col-sm-6 col-xs-6\">\n                            <div class=\"gal\">\n                                <div class=\"gWrap\"><span>B\u00dcY\u00dcT<\/span><\/div>\n\t\t\t\t\t\t\t\t<img decoding=\"async\" src=\"https:\/\/www.istanbulsanatferforje.com\/wp-content\/uploads\/2025\/11\/Ferforje-Kis-Bahcesi-Model-No-ISF-KIS.003-3-1-278x278.jpg\" title=\"Wrought Iron Winter Garden | Stylish Exterior and Architectural Harmony\" alt=\"Exterior view of the wrought iron winter garden\" \/>                               \n                                <a href=\"https:\/\/www.istanbulsanatferforje.com\/wp-content\/uploads\/2025\/11\/Ferforje-Kis-Bahcesi-Model-No-ISF-KIS.003-3-1.jpg\" data-fancybox=\"product\" class=\"mask\"><\/a>\n                            <\/div>  \n                        <\/div><div class=\"col-md-4 col-sm-6 col-xs-6\">\n                            <div class=\"gal\">\n                                <div class=\"gWrap\"><span>B\u00dcY\u00dcT<\/span><\/div>\n\t\t\t\t\t\t\t\t<img decoding=\"async\" src=\"https:\/\/www.istanbulsanatferforje.com\/wp-content\/uploads\/2025\/11\/Ferforje-Kis-Bahcesi-Model-No-ISF-KIS.002-2-1-278x278.jpg\" title=\"Wrought Iron Winter Garden | Modern and Stylish Outdoor Design\" alt=\"Wrought iron winter garden model\" \/>                               \n                                <a href=\"https:\/\/www.istanbulsanatferforje.com\/wp-content\/uploads\/2025\/11\/Ferforje-Kis-Bahcesi-Model-No-ISF-KIS.002-2-1.jpg\" data-fancybox=\"product\" class=\"mask\"><\/a>\n                            <\/div>  \n                        <\/div><div class=\"col-md-4 col-sm-6 col-xs-6\">\n                            <div class=\"gal\">\n                                <div class=\"gWrap\"><span>B\u00dcY\u00dcT<\/span><\/div>\n\t\t\t\t\t\t\t\t<img decoding=\"async\" src=\"https:\/\/www.istanbulsanatferforje.com\/wp-content\/uploads\/2025\/11\/Ferforje-Kis-Bahcesi-Model-No-ISF-KIS.002-1-1-278x278.jpg\" title=\"Wrought Iron Winter Garden | Outdoor and Garden Compatible Design\" alt=\"Wrought iron winter garden outdoor design\" \/>                               \n                                <a href=\"https:\/\/www.istanbulsanatferforje.com\/wp-content\/uploads\/2025\/11\/Ferforje-Kis-Bahcesi-Model-No-ISF-KIS.002-1-1.jpg\" data-fancybox=\"product\" class=\"mask\"><\/a>\n                            <\/div>  \n                        <\/div><div class=\"col-md-4 col-sm-6 col-xs-6\">\n                            <div class=\"gal\">\n                                <div class=\"gWrap\"><span>B\u00dcY\u00dcT<\/span><\/div>\n\t\t\t\t\t\t\t\t<img decoding=\"async\" src=\"https:\/\/www.istanbulsanatferforje.com\/wp-content\/uploads\/2025\/11\/Ferforje-Kis-Bahcesi-Model-No-ISF-KIS.002-3-1-278x278.jpg\" title=\"Wrought Iron Winter Garden | Large Glass Ceiling Design\" alt=\"Wrought iron winter garden top view\" \/>                               \n                                <a href=\"https:\/\/www.istanbulsanatferforje.com\/wp-content\/uploads\/2025\/11\/Ferforje-Kis-Bahcesi-Model-No-ISF-KIS.002-3-1.jpg\" data-fancybox=\"product\" class=\"mask\"><\/a>\n                            <\/div>  \n                        <\/div><div class=\"col-md-4 col-sm-6 col-xs-6\">\n                            <div class=\"gal\">\n                                <div class=\"gWrap\"><span>B\u00dcY\u00dcT<\/span><\/div>\n\t\t\t\t\t\t\t\t<img decoding=\"async\" src=\"https:\/\/www.istanbulsanatferforje.com\/wp-content\/uploads\/2025\/11\/Ferforje-Kis-Bahcesi-Model-No-ISF-KIS.001-1-1-278x278.jpg\" title=\"Wrought Iron Winter Garden | Aesthetic and Durable Garden Structure\" alt=\"Wrought iron winter garden model\" \/>                               \n                                <a href=\"https:\/\/www.istanbulsanatferforje.com\/wp-content\/uploads\/2025\/11\/Ferforje-Kis-Bahcesi-Model-No-ISF-KIS.001-1-1.jpg\" data-fancybox=\"product\" class=\"mask\"><\/a>\n                            <\/div>  \n                        <\/div><div class=\"col-md-4 col-sm-6 col-xs-6\">\n                            <div class=\"gal\">\n                                <div class=\"gWrap\"><span>B\u00dcY\u00dcT<\/span><\/div>\n\t\t\t\t\t\t\t\t<img decoding=\"async\" src=\"https:\/\/www.istanbulsanatferforje.com\/wp-content\/uploads\/2025\/11\/Ferforje-Kis-Bahcesi-Model-No-ISF-KIS.001-2-1-278x278.jpg\" title=\"Wrought Iron Winter Garden | Side Facade Design and Details\" alt=\"Wrought iron winter garden design\" \/>                               \n                                <a href=\"https:\/\/www.istanbulsanatferforje.com\/wp-content\/uploads\/2025\/11\/Ferforje-Kis-Bahcesi-Model-No-ISF-KIS.001-2-1.jpg\" data-fancybox=\"product\" class=\"mask\"><\/a>\n                            <\/div>  \n                        <\/div><div class=\"col-md-4 col-sm-6 col-xs-6\">\n                            <div class=\"gal\">\n                                <div class=\"gWrap\"><span>B\u00dcY\u00dcT<\/span><\/div>\n\t\t\t\t\t\t\t\t<img decoding=\"async\" src=\"https:\/\/www.istanbulsanatferforje.com\/wp-content\/uploads\/2025\/11\/Ferforje-Kis-Bahcesi-Model-No-ISF-KIS.001-3-1-278x278.jpg\" title=\"Wrought Iron Winter Garden | Aesthetic Spaces with a Wide Glass Facade\" alt=\"Wrought iron winter garden facade\" \/>                               \n                                <a href=\"https:\/\/www.istanbulsanatferforje.com\/wp-content\/uploads\/2025\/11\/Ferforje-Kis-Bahcesi-Model-No-ISF-KIS.001-3-1.jpg\" data-fancybox=\"product\" class=\"mask\"><\/a>\n                            <\/div>  \n                        <\/div><\/div><\/div>\n<h3>What is a Wrought Iron Winter Garden?<\/h3>\n<p>Wrought iron winter gardens are private living spaces, constructed entirely from iron and glass, usable throughout all four seasons and integrated with both interior and exterior spaces. Its difference from traditional greenhouses is that, combined with the architectural aesthetics of a wrought iron frame, it offers a long-lasting, safe, and decorative structure.<\/p>\n<h3>Wrought Iron Gazebo &#038; Pavilion<br \/>\nWorld-Class Wrought Iron Aesthetics<\/h3>\n<p>These structures, internationally known as &#8220;Wrought Iron Gazebos,&#8221; &#8220;Iron Pavilions,&#8221; or &#8220;Conservatories,&#8221; are an essential addition to luxury residences in Europe. Istanbul Sanat Wrought Iron combines this tradition with modern production techniques to design high-end winter gardens in Turkey.<\/p>\n<h3>Special Spaces Completed with Wrought Iron Furniture<\/h3>\n<p>Our winter garden designs are not just structures; they are also a unique living concept. The wrought iron seating, tables, chairs, and coffee tables used in these spaces are handcrafted to the same aesthetic, ensuring a perfect blend of structure and furniture.<\/p>\n","protected":false},"excerpt":{"rendered":"<p>MODELS AND AFFORDABLE PRICES<\/p>\n","protected":false},"author":7,"featured_media":7036,"parent":7086,"menu_order":20,"comment_status":"closed","ping_status":"closed","template":"","meta":{"_joinchat":[],"footnotes":""},"class_list":["post-10472","page","type-page","status-publish","has-post-thumbnail","hentry"],"yoast_head":"<!-- This site is optimized with the Yoast SEO Premium plugin v23.5 (Yoast SEO v23.5) - https:\/\/yoast.com\/wordpress\/plugins\/seo\/ -->\n<title>Wrought Iron Winter Garden Models | Luxury Wrought Iron Gazebo &amp; Winter Garden Designs<\/title>\n<meta name=\"description\" content=\"Istanbul Sanat Ferforje&#039;s handcrafted wrought iron winter garden and gazebo models add value to your living spaces with their elegance, durability, and aesthetics. Each custom-made wrought iron winter garden offers comfort and luxury throughout all seasons.\" \/>\n<meta name=\"robots\" content=\"index, follow, max-snippet:-1, max-image-preview:large, max-video-preview:-1\" \/>\n<link rel=\"canonical\" href=\"https:\/\/www.istanbulsanatferforje.com\/en\/products\/winter-garden\" \/>\n<meta property=\"og:locale\" content=\"en_US\" \/>\n<meta property=\"og:type\" content=\"article\" \/>\n<meta property=\"og:title\" content=\"Winter Garden\" \/>\n<meta property=\"og:description\" content=\"Istanbul Sanat Ferforje&#039;s handcrafted wrought iron winter garden and gazebo models add value to your living spaces with their elegance, durability, and aesthetics. Each custom-made wrought iron winter garden offers comfort and luxury throughout all seasons.\" \/>\n<meta property=\"og:url\" content=\"https:\/\/www.istanbulsanatferforje.com\/en\/products\/winter-garden\" \/>\n<meta property=\"og:site_name\" content=\"\u0130stanbul Sanat Ferforje\" \/>\n<meta property=\"article:modified_time\" content=\"2025-11-13T14:56:09+00:00\" \/>\n<meta property=\"og:image\" content=\"https:\/\/www.istanbulsanatferforje.com\/wp-content\/uploads\/2020\/07\/ferforje-havluluk.jpg\" \/>\n\t<meta property=\"og:image:width\" content=\"285\" \/>\n\t<meta property=\"og:image:height\" content=\"485\" \/>\n\t<meta property=\"og:image:type\" content=\"image\/jpeg\" \/>\n<meta name=\"twitter:label1\" content=\"Est. reading time\" \/>\n\t<meta name=\"twitter:data1\" content=\"2 minutes\" \/>\n<script type=\"application\/ld+json\" class=\"yoast-schema-graph\">{\"@context\":\"https:\/\/schema.org\",\"@graph\":[{\"@type\":\"WebPage\",\"@id\":\"https:\/\/www.istanbulsanatferforje.com\/en\/products\/winter-garden\",\"url\":\"https:\/\/www.istanbulsanatferforje.com\/en\/products\/winter-garden\",\"name\":\"Wrought Iron Winter Garden Models | Luxury Wrought Iron Gazebo & Winter Garden Designs\",\"isPartOf\":{\"@id\":\"https:\/\/www.istanbulsanatferforje.com\/#website\"},\"primaryImageOfPage\":{\"@id\":\"https:\/\/www.istanbulsanatferforje.com\/en\/products\/winter-garden#primaryimage\"},\"image\":{\"@id\":\"https:\/\/www.istanbulsanatferforje.com\/en\/products\/winter-garden#primaryimage\"},\"thumbnailUrl\":\"https:\/\/www.istanbulsanatferforje.com\/wp-content\/uploads\/2020\/07\/ferforje-havluluk.jpg\",\"datePublished\":\"2025-11-05T11:15:35+00:00\",\"dateModified\":\"2025-11-13T14:56:09+00:00\",\"description\":\"Istanbul Sanat Ferforje's handcrafted wrought iron winter garden and gazebo models add value to your living spaces with their elegance, durability, and aesthetics. Each custom-made wrought iron winter garden offers comfort and luxury throughout all seasons.\",\"breadcrumb\":{\"@id\":\"https:\/\/www.istanbulsanatferforje.com\/en\/products\/winter-garden#breadcrumb\"},\"inLanguage\":\"en-US\",\"potentialAction\":[{\"@type\":\"ReadAction\",\"target\":[\"https:\/\/www.istanbulsanatferforje.com\/en\/products\/winter-garden\"]}]},{\"@type\":\"ImageObject\",\"inLanguage\":\"en-US\",\"@id\":\"https:\/\/www.istanbulsanatferforje.com\/en\/products\/winter-garden#primaryimage\",\"url\":\"https:\/\/www.istanbulsanatferforje.com\/wp-content\/uploads\/2020\/07\/ferforje-havluluk.jpg\",\"contentUrl\":\"https:\/\/www.istanbulsanatferforje.com\/wp-content\/uploads\/2020\/07\/ferforje-havluluk.jpg\",\"width\":285,\"height\":485,\"caption\":\"Wrought Iron Towel Holder\"},{\"@type\":\"BreadcrumbList\",\"@id\":\"https:\/\/www.istanbulsanatferforje.com\/en\/products\/winter-garden#breadcrumb\",\"itemListElement\":[{\"@type\":\"ListItem\",\"position\":1,\"name\":\"Ana Sayfa\",\"item\":\"https:\/\/www.istanbulsanatferforje.com\/en\"},{\"@type\":\"ListItem\",\"position\":2,\"name\":\"Products\",\"item\":\"https:\/\/www.istanbulsanatferforje.com\/en\/products\"},{\"@type\":\"ListItem\",\"position\":3,\"name\":\"Winter Garden\"}]},{\"@type\":\"WebSite\",\"@id\":\"https:\/\/www.istanbulsanatferforje.com\/#website\",\"url\":\"https:\/\/www.istanbulsanatferforje.com\/\",\"name\":\"\u0130stanbul Sanat Ferforje\",\"description\":\"\",\"potentialAction\":[{\"@type\":\"SearchAction\",\"target\":{\"@type\":\"EntryPoint\",\"urlTemplate\":\"https:\/\/www.istanbulsanatferforje.com\/?s={search_term_string}\"},\"query-input\":{\"@type\":\"PropertyValueSpecification\",\"valueRequired\":true,\"valueName\":\"search_term_string\"}}],\"inLanguage\":\"en-US\"}]}<\/script>\n<!-- \/ Yoast SEO Premium plugin. -->","yoast_head_json":{"title":"Wrought Iron Winter Garden Models | Luxury Wrought Iron Gazebo & Winter Garden Designs","description":"Istanbul Sanat Ferforje's handcrafted wrought iron winter garden and gazebo models add value to your living spaces with their elegance, durability, and aesthetics. Each custom-made wrought iron winter garden offers comfort and luxury throughout all seasons.","robots":{"index":"index","follow":"follow","max-snippet":"max-snippet:-1","max-image-preview":"max-image-preview:large","max-video-preview":"max-video-preview:-1"},"canonical":"https:\/\/www.istanbulsanatferforje.com\/en\/products\/winter-garden","og_locale":"en_US","og_type":"article","og_title":"Winter Garden","og_description":"Istanbul Sanat Ferforje's handcrafted wrought iron winter garden and gazebo models add value to your living spaces with their elegance, durability, and aesthetics. Each custom-made wrought iron winter garden offers comfort and luxury throughout all seasons.","og_url":"https:\/\/www.istanbulsanatferforje.com\/en\/products\/winter-garden","og_site_name":"\u0130stanbul Sanat Ferforje","article_modified_time":"2025-11-13T14:56:09+00:00","og_image":[{"width":285,"height":485,"url":"https:\/\/www.istanbulsanatferforje.com\/wp-content\/uploads\/2020\/07\/ferforje-havluluk.jpg","type":"image\/jpeg"}],"twitter_misc":{"Est. reading time":"2 minutes"},"schema":{"@context":"https:\/\/schema.org","@graph":[{"@type":"WebPage","@id":"https:\/\/www.istanbulsanatferforje.com\/en\/products\/winter-garden","url":"https:\/\/www.istanbulsanatferforje.com\/en\/products\/winter-garden","name":"Wrought Iron Winter Garden Models | Luxury Wrought Iron Gazebo & Winter Garden Designs","isPartOf":{"@id":"https:\/\/www.istanbulsanatferforje.com\/#website"},"primaryImageOfPage":{"@id":"https:\/\/www.istanbulsanatferforje.com\/en\/products\/winter-garden#primaryimage"},"image":{"@id":"https:\/\/www.istanbulsanatferforje.com\/en\/products\/winter-garden#primaryimage"},"thumbnailUrl":"https:\/\/www.istanbulsanatferforje.com\/wp-content\/uploads\/2020\/07\/ferforje-havluluk.jpg","datePublished":"2025-11-05T11:15:35+00:00","dateModified":"2025-11-13T14:56:09+00:00","description":"Istanbul Sanat Ferforje's handcrafted wrought iron winter garden and gazebo models add value to your living spaces with their elegance, durability, and aesthetics. Each custom-made wrought iron winter garden offers comfort and luxury throughout all seasons.","breadcrumb":{"@id":"https:\/\/www.istanbulsanatferforje.com\/en\/products\/winter-garden#breadcrumb"},"inLanguage":"en-US","potentialAction":[{"@type":"ReadAction","target":["https:\/\/www.istanbulsanatferforje.com\/en\/products\/winter-garden"]}]},{"@type":"ImageObject","inLanguage":"en-US","@id":"https:\/\/www.istanbulsanatferforje.com\/en\/products\/winter-garden#primaryimage","url":"https:\/\/www.istanbulsanatferforje.com\/wp-content\/uploads\/2020\/07\/ferforje-havluluk.jpg","contentUrl":"https:\/\/www.istanbulsanatferforje.com\/wp-content\/uploads\/2020\/07\/ferforje-havluluk.jpg","width":285,"height":485,"caption":"Wrought Iron Towel Holder"},{"@type":"BreadcrumbList","@id":"https:\/\/www.istanbulsanatferforje.com\/en\/products\/winter-garden#breadcrumb","itemListElement":[{"@type":"ListItem","position":1,"name":"Ana Sayfa","item":"https:\/\/www.istanbulsanatferforje.com\/en"},{"@type":"ListItem","position":2,"name":"Products","item":"https:\/\/www.istanbulsanatferforje.com\/en\/products"},{"@type":"ListItem","position":3,"name":"Winter Garden"}]},{"@type":"WebSite","@id":"https:\/\/www.istanbulsanatferforje.com\/#website","url":"https:\/\/www.istanbulsanatferforje.com\/","name":"\u0130stanbul Sanat Ferforje","description":"","potentialAction":[{"@type":"SearchAction","target":{"@type":"EntryPoint","urlTemplate":"https:\/\/www.istanbulsanatferforje.com\/?s={search_term_string}"},"query-input":{"@type":"PropertyValueSpecification","valueRequired":true,"valueName":"search_term_string"}}],"inLanguage":"en-US"}]}},"acf":[],"_links":{"self":[{"href":"https:\/\/www.istanbulsanatferforje.com\/en\/wp-json\/wp\/v2\/pages\/10472"}],"collection":[{"href":"https:\/\/www.istanbulsanatferforje.com\/en\/wp-json\/wp\/v2\/pages"}],"about":[{"href":"https:\/\/www.istanbulsanatferforje.com\/en\/wp-json\/wp\/v2\/types\/page"}],"author":[{"embeddable":true,"href":"https:\/\/www.istanbulsanatferforje.com\/en\/wp-json\/wp\/v2\/users\/7"}],"replies":[{"embeddable":true,"href":"https:\/\/www.istanbulsanatferforje.com\/en\/wp-json\/wp\/v2\/comments?post=10472"}],"version-history":[{"count":6,"href":"https:\/\/www.istanbulsanatferforje.com\/en\/wp-json\/wp\/v2\/pages\/10472\/revisions"}],"predecessor-version":[{"id":10573,"href":"https:\/\/www.istanbulsanatferforje.com\/en\/wp-json\/wp\/v2\/pages\/10472\/revisions\/10573"}],"up":[{"embeddable":true,"href":"https:\/\/www.istanbulsanatferforje.com\/en\/wp-json\/wp\/v2\/pages\/7086"}],"wp:featuredmedia":[{"embeddable":true,"href":"https:\/\/www.istanbulsanatferforje.com\/en\/wp-json\/wp\/v2\/media\/7036"}],"wp:attachment":[{"href":"https:\/\/www.istanbulsanatferforje.com\/en\/wp-json\/wp\/v2\/media?parent=10472"}],"curies":[{"name":"wp","href":"https:\/\/api.w.org\/{rel}","templated":true}]}}