{"id":7170,"date":"2018-12-07T14:05:03","date_gmt":"2018-12-07T11:05:03","guid":{"rendered":"https:\/\/www.istanbulsanatferforje.com\/products\/ferforje-koltuk-takimi"},"modified":"2021-03-12T13:36:50","modified_gmt":"2021-03-12T10:36:50","slug":"wrought-iron-sofa-set","status":"publish","type":"page","link":"https:\/\/www.istanbulsanatferforje.com\/en\/products\/wrought-iron-sofa-set","title":{"rendered":"Sofa Set"},"content":{"rendered":"<h1><strong> Wrought Iron Sofa Set <\/strong><br \/>\nIstanbul Sanat Wrought Iron<\/h1>\n<hr \/>\n<p><strong> The diversity in wrought iron products that you can use everywhere in daily life is more than you can imagine. Wrought iron, your home&#8217;s kitchen, living room, garden, etc. It can be used in many areas such as. <\/strong><\/p>\n<div class=\"gallery\"><div class=\"row\"><div class=\"col-md-4 col-sm-6 col-xs-6\">\n                            <div class=\"gal\">\n                                <div class=\"gWrap\"><span>B\u00dcY\u00dcT<\/span><\/div>\n\t\t\t\t\t\t\t\t<img decoding=\"async\" src=\"https:\/\/www.istanbulsanatferforje.com\/wp-content\/uploads\/2021\/02\/Ferforje-Koltuk-Takimi-FKT009-278x278.jpg\" title=\"\" alt=\"Special Handwork, Black Wrought Iron Sofa Set\" \/>                               \n                                <a href=\"https:\/\/www.istanbulsanatferforje.com\/wp-content\/uploads\/2021\/02\/Ferforje-Koltuk-Takimi-FKT009.jpg\" data-fancybox=\"product\" class=\"mask\"><\/a>\n                            <\/div>  \n                        <\/div><div class=\"col-md-4 col-sm-6 col-xs-6\">\n                            <div class=\"gal\">\n                                <div class=\"gWrap\"><span>B\u00dcY\u00dcT<\/span><\/div>\n\t\t\t\t\t\t\t\t<img decoding=\"async\" src=\"https:\/\/www.istanbulsanatferforje.com\/wp-content\/uploads\/2020\/12\/ISF-278x278.jpg\" title=\"\u0130SF Yeni Galeri Kal\u0131b\u0131 FERFORJE PUF 008 S\u0130TE\" alt=\"Black Color, Single, Triple and Double Pouf Wrought Iron Garden Sofa Set\" \/>                               \n                                <a href=\"https:\/\/www.istanbulsanatferforje.com\/wp-content\/uploads\/2020\/12\/ISF.jpg\" data-fancybox=\"product\" class=\"mask\"><\/a>\n                            <\/div>  \n                        <\/div><div class=\"col-md-4 col-sm-6 col-xs-6\">\n                            <div class=\"gal\">\n                                <div class=\"gWrap\"><span>B\u00dcY\u00dcT<\/span><\/div>\n\t\t\t\t\t\t\t\t<img decoding=\"async\" src=\"https:\/\/www.istanbulsanatferforje.com\/wp-content\/uploads\/2020\/07\/fkt-007-278x278.jpg\" title=\"\" alt=\"2-Seat Pouf, Black, Special Handwork, Wrought Iron Sofa Set\" \/>                               \n                                <a href=\"https:\/\/www.istanbulsanatferforje.com\/wp-content\/uploads\/2020\/07\/fkt-007.jpg\" data-fancybox=\"product\" class=\"mask\"><\/a>\n                            <\/div>  \n                        <\/div><div class=\"col-md-4 col-sm-6 col-xs-6\">\n                            <div class=\"gal\">\n                                <div class=\"gWrap\"><span>B\u00dcY\u00dcT<\/span><\/div>\n\t\t\t\t\t\t\t\t<img decoding=\"async\" src=\"https:\/\/www.istanbulsanatferforje.com\/wp-content\/uploads\/2020\/05\/isf-fkt-006-278x278.jpg\" title=\"isf-fkt-006\" alt=\"Black Color, Single, Triple and Double Pouf Wrought Iron Garden Sofa Set\" \/>                               \n                                <a href=\"https:\/\/www.istanbulsanatferforje.com\/wp-content\/uploads\/2020\/05\/isf-fkt-006.jpg\" data-fancybox=\"product\" class=\"mask\"><\/a>\n                            <\/div>  \n                        <\/div><div class=\"col-md-4 col-sm-6 col-xs-6\">\n                            <div class=\"gal\">\n                                <div class=\"gWrap\"><span>B\u00dcY\u00dcT<\/span><\/div>\n\t\t\t\t\t\t\t\t<img decoding=\"async\" src=\"https:\/\/www.istanbulsanatferforje.com\/wp-content\/uploads\/2020\/03\/\u0130SF.FKT_.005-278x278.jpg\" title=\"\" alt=\"Black Color, Single, Wrought Iron Garden Sofa Set\" \/>                               \n                                <a href=\"https:\/\/www.istanbulsanatferforje.com\/wp-content\/uploads\/2020\/03\/\u0130SF.FKT_.005.jpg\" data-fancybox=\"product\" class=\"mask\"><\/a>\n                            <\/div>  \n                        <\/div><div class=\"col-md-4 col-sm-6 col-xs-6\">\n                            <div class=\"gal\">\n                                <div class=\"gWrap\"><span>B\u00dcY\u00dcT<\/span><\/div>\n\t\t\t\t\t\t\t\t<img decoding=\"async\" src=\"https:\/\/www.istanbulsanatferforje.com\/wp-content\/uploads\/2019\/06\/ISF-MIF-004-278x278.jpg\" title=\"\" alt=\"Special Design, Black Wrought Iron Sofa Set\" \/>                               \n                                <a href=\"https:\/\/www.istanbulsanatferforje.com\/wp-content\/uploads\/2019\/06\/ISF-MIF-004.jpg\" data-fancybox=\"product\" class=\"mask\"><\/a>\n                            <\/div>  \n                        <\/div><div class=\"col-md-4 col-sm-6 col-xs-6\">\n                            <div class=\"gal\">\n                                <div class=\"gWrap\"><span>B\u00dcY\u00dcT<\/span><\/div>\n\t\t\t\t\t\t\t\t<img decoding=\"async\" src=\"https:\/\/www.istanbulsanatferforje.com\/wp-content\/uploads\/2019\/06\/ISF-MIF-003-1-278x278.jpg\" title=\"\" alt=\"White Classic Wrought Iron Armchair\" \/>                               \n                                <a href=\"https:\/\/www.istanbulsanatferforje.com\/wp-content\/uploads\/2019\/06\/ISF-MIF-003-1.jpg\" data-fancybox=\"product\" class=\"mask\"><\/a>\n                            <\/div>  \n                        <\/div><div class=\"col-md-4 col-sm-6 col-xs-6\">\n                            <div class=\"gal\">\n                                <div class=\"gWrap\"><span>B\u00dcY\u00dcT<\/span><\/div>\n\t\t\t\t\t\t\t\t<img decoding=\"async\" src=\"https:\/\/www.istanbulsanatferforje.com\/wp-content\/uploads\/2019\/06\/ISF-MIF-002-1-278x278.jpg\" title=\"\" alt=\"Classic Wrought Iron Sofa Set\" \/>                               \n                                <a href=\"https:\/\/www.istanbulsanatferforje.com\/wp-content\/uploads\/2019\/06\/ISF-MIF-002-1.jpg\" data-fancybox=\"product\" class=\"mask\"><\/a>\n                            <\/div>  \n                        <\/div><div class=\"col-md-4 col-sm-6 col-xs-6\">\n                            <div class=\"gal\">\n                                <div class=\"gWrap\"><span>B\u00dcY\u00dcT<\/span><\/div>\n\t\t\t\t\t\t\t\t<img decoding=\"async\" src=\"https:\/\/www.istanbulsanatferforje.com\/wp-content\/uploads\/2019\/06\/ISF-FKT-001-278x278.jpg\" title=\"\" alt=\"Modern Wrought Iron Sofa Set\" \/>                               \n                                <a href=\"https:\/\/www.istanbulsanatferforje.com\/wp-content\/uploads\/2019\/06\/ISF-FKT-001.jpg\" data-fancybox=\"product\" class=\"mask\"><\/a>\n                            <\/div>  \n                        <\/div><\/div><\/div>\n<h3>All Hand Work<\/h3>\n<p>Wrought Iron Sofa Sets are created by being completely handcrafted. Wrought iron accessory products are everywhere in your home, in short, in your company, with its non-deformation and usability both indoors and outdoors. For example, you can design and use a wrought iron candle holder in your interior, and a model of the same wrought iron material in your garden, for example. Thanks to the ease of use and design diversity of wrought iron, diversification can be made suitable for every environment to be used.<\/p>\n<h3>Functional<\/h3>\n<p>In addition to the use of fixed works or for decoration purposes, functional designs can be created with various mechanisms. All designs can be shaped according to your needs. Wrought Iron Sofa Sets can be ordered wholesale or retail with a long life and reasonable price guarantee.<\/p>\n","protected":false},"excerpt":{"rendered":"<p>Wrought Iron Sofa Set Istanbul Sanat Wrought Iron The diversity in wrought iron products that you can use everywhere in daily life is more than you can imagine. Wrought iron, your home&#8217;s kitchen, living room, garden, etc. It can be used in many areas such as. All Hand Work Wrought Iron Sofa Sets are created [&hellip;]<\/p>\n","protected":false},"author":2,"featured_media":7028,"parent":7086,"menu_order":30,"comment_status":"closed","ping_status":"closed","template":"","meta":{"_joinchat":[],"footnotes":""},"class_list":["post-7170","page","type-page","status-publish","has-post-thumbnail","hentry"],"yoast_head":"<!-- This site is optimized with the Yoast SEO Premium plugin v23.5 (Yoast SEO v23.5) - https:\/\/yoast.com\/wordpress\/plugins\/seo\/ -->\n<title>Wrought Iron Sofa Set, Special Production and Price Information<\/title>\n<meta name=\"description\" content=\"You can browse wrought iron sofa set models and technical specifications for custom production wrought iron projects and architectural applications and get a price quote.\" \/>\n<meta name=\"robots\" content=\"index, follow, max-snippet:-1, max-image-preview:large, max-video-preview:-1\" \/>\n<link rel=\"canonical\" href=\"https:\/\/www.istanbulsanatferforje.com\/en\/products\/wrought-iron-sofa-set\" \/>\n<meta property=\"og:locale\" content=\"en_US\" \/>\n<meta property=\"og:type\" content=\"article\" \/>\n<meta property=\"og:title\" content=\"Sofa Set\" \/>\n<meta property=\"og:description\" content=\"You can browse wrought iron sofa set models and technical specifications for custom production wrought iron projects and architectural applications and get a price quote.\" \/>\n<meta property=\"og:url\" content=\"https:\/\/www.istanbulsanatferforje.com\/en\/products\/wrought-iron-sofa-set\" \/>\n<meta property=\"og:site_name\" content=\"\u0130stanbul Sanat Ferforje\" \/>\n<meta property=\"article:modified_time\" content=\"2021-03-12T10:36:50+00:00\" \/>\n<meta property=\"og:image\" content=\"https:\/\/www.istanbulsanatferforje.com\/wp-content\/uploads\/2020\/07\/Ferforje-Koltuk.jpg\" \/>\n\t<meta property=\"og:image:width\" content=\"285\" \/>\n\t<meta property=\"og:image:height\" content=\"485\" \/>\n\t<meta property=\"og:image:type\" content=\"image\/jpeg\" \/>\n<meta name=\"twitter:label1\" content=\"Est. reading time\" \/>\n\t<meta name=\"twitter:data1\" content=\"1 minute\" \/>\n<script type=\"application\/ld+json\" class=\"yoast-schema-graph\">{\"@context\":\"https:\/\/schema.org\",\"@graph\":[{\"@type\":\"WebPage\",\"@id\":\"https:\/\/www.istanbulsanatferforje.com\/en\/products\/wrought-iron-sofa-set\",\"url\":\"https:\/\/www.istanbulsanatferforje.com\/en\/products\/wrought-iron-sofa-set\",\"name\":\"Wrought Iron Sofa Set, Special Production and Price Information\",\"isPartOf\":{\"@id\":\"https:\/\/www.istanbulsanatferforje.com\/#website\"},\"primaryImageOfPage\":{\"@id\":\"https:\/\/www.istanbulsanatferforje.com\/en\/products\/wrought-iron-sofa-set#primaryimage\"},\"image\":{\"@id\":\"https:\/\/www.istanbulsanatferforje.com\/en\/products\/wrought-iron-sofa-set#primaryimage\"},\"thumbnailUrl\":\"https:\/\/www.istanbulsanatferforje.com\/wp-content\/uploads\/2020\/07\/Ferforje-Koltuk.jpg\",\"datePublished\":\"2018-12-07T11:05:03+00:00\",\"dateModified\":\"2021-03-12T10:36:50+00:00\",\"description\":\"You can browse wrought iron sofa set models and technical specifications for custom production wrought iron projects and architectural applications and get a price quote.\",\"breadcrumb\":{\"@id\":\"https:\/\/www.istanbulsanatferforje.com\/en\/products\/wrought-iron-sofa-set#breadcrumb\"},\"inLanguage\":\"en-US\",\"potentialAction\":[{\"@type\":\"ReadAction\",\"target\":[\"https:\/\/www.istanbulsanatferforje.com\/en\/products\/wrought-iron-sofa-set\"]}]},{\"@type\":\"ImageObject\",\"inLanguage\":\"en-US\",\"@id\":\"https:\/\/www.istanbulsanatferforje.com\/en\/products\/wrought-iron-sofa-set#primaryimage\",\"url\":\"https:\/\/www.istanbulsanatferforje.com\/wp-content\/uploads\/2020\/07\/Ferforje-Koltuk.jpg\",\"contentUrl\":\"https:\/\/www.istanbulsanatferforje.com\/wp-content\/uploads\/2020\/07\/Ferforje-Koltuk.jpg\",\"width\":285,\"height\":485,\"caption\":\"Wrought Iron Armchair\"},{\"@type\":\"BreadcrumbList\",\"@id\":\"https:\/\/www.istanbulsanatferforje.com\/en\/products\/wrought-iron-sofa-set#breadcrumb\",\"itemListElement\":[{\"@type\":\"ListItem\",\"position\":1,\"name\":\"Ana Sayfa\",\"item\":\"https:\/\/www.istanbulsanatferforje.com\/en\"},{\"@type\":\"ListItem\",\"position\":2,\"name\":\"Products\",\"item\":\"https:\/\/www.istanbulsanatferforje.com\/en\/products\"},{\"@type\":\"ListItem\",\"position\":3,\"name\":\"Sofa Set\"}]},{\"@type\":\"WebSite\",\"@id\":\"https:\/\/www.istanbulsanatferforje.com\/#website\",\"url\":\"https:\/\/www.istanbulsanatferforje.com\/\",\"name\":\"\u0130stanbul Sanat Ferforje\",\"description\":\"\",\"potentialAction\":[{\"@type\":\"SearchAction\",\"target\":{\"@type\":\"EntryPoint\",\"urlTemplate\":\"https:\/\/www.istanbulsanatferforje.com\/?s={search_term_string}\"},\"query-input\":{\"@type\":\"PropertyValueSpecification\",\"valueRequired\":true,\"valueName\":\"search_term_string\"}}],\"inLanguage\":\"en-US\"}]}<\/script>\n<!-- \/ Yoast SEO Premium plugin. -->","yoast_head_json":{"title":"Wrought Iron Sofa Set, Special Production and Price Information","description":"You can browse wrought iron sofa set models and technical specifications for custom production wrought iron projects and architectural applications and get a price quote.","robots":{"index":"index","follow":"follow","max-snippet":"max-snippet:-1","max-image-preview":"max-image-preview:large","max-video-preview":"max-video-preview:-1"},"canonical":"https:\/\/www.istanbulsanatferforje.com\/en\/products\/wrought-iron-sofa-set","og_locale":"en_US","og_type":"article","og_title":"Sofa Set","og_description":"You can browse wrought iron sofa set models and technical specifications for custom production wrought iron projects and architectural applications and get a price quote.","og_url":"https:\/\/www.istanbulsanatferforje.com\/en\/products\/wrought-iron-sofa-set","og_site_name":"\u0130stanbul Sanat Ferforje","article_modified_time":"2021-03-12T10:36:50+00:00","og_image":[{"width":285,"height":485,"url":"https:\/\/www.istanbulsanatferforje.com\/wp-content\/uploads\/2020\/07\/Ferforje-Koltuk.jpg","type":"image\/jpeg"}],"twitter_misc":{"Est. reading time":"1 minute"},"schema":{"@context":"https:\/\/schema.org","@graph":[{"@type":"WebPage","@id":"https:\/\/www.istanbulsanatferforje.com\/en\/products\/wrought-iron-sofa-set","url":"https:\/\/www.istanbulsanatferforje.com\/en\/products\/wrought-iron-sofa-set","name":"Wrought Iron Sofa Set, Special Production and Price Information","isPartOf":{"@id":"https:\/\/www.istanbulsanatferforje.com\/#website"},"primaryImageOfPage":{"@id":"https:\/\/www.istanbulsanatferforje.com\/en\/products\/wrought-iron-sofa-set#primaryimage"},"image":{"@id":"https:\/\/www.istanbulsanatferforje.com\/en\/products\/wrought-iron-sofa-set#primaryimage"},"thumbnailUrl":"https:\/\/www.istanbulsanatferforje.com\/wp-content\/uploads\/2020\/07\/Ferforje-Koltuk.jpg","datePublished":"2018-12-07T11:05:03+00:00","dateModified":"2021-03-12T10:36:50+00:00","description":"You can browse wrought iron sofa set models and technical specifications for custom production wrought iron projects and architectural applications and get a price quote.","breadcrumb":{"@id":"https:\/\/www.istanbulsanatferforje.com\/en\/products\/wrought-iron-sofa-set#breadcrumb"},"inLanguage":"en-US","potentialAction":[{"@type":"ReadAction","target":["https:\/\/www.istanbulsanatferforje.com\/en\/products\/wrought-iron-sofa-set"]}]},{"@type":"ImageObject","inLanguage":"en-US","@id":"https:\/\/www.istanbulsanatferforje.com\/en\/products\/wrought-iron-sofa-set#primaryimage","url":"https:\/\/www.istanbulsanatferforje.com\/wp-content\/uploads\/2020\/07\/Ferforje-Koltuk.jpg","contentUrl":"https:\/\/www.istanbulsanatferforje.com\/wp-content\/uploads\/2020\/07\/Ferforje-Koltuk.jpg","width":285,"height":485,"caption":"Wrought Iron Armchair"},{"@type":"BreadcrumbList","@id":"https:\/\/www.istanbulsanatferforje.com\/en\/products\/wrought-iron-sofa-set#breadcrumb","itemListElement":[{"@type":"ListItem","position":1,"name":"Ana Sayfa","item":"https:\/\/www.istanbulsanatferforje.com\/en"},{"@type":"ListItem","position":2,"name":"Products","item":"https:\/\/www.istanbulsanatferforje.com\/en\/products"},{"@type":"ListItem","position":3,"name":"Sofa Set"}]},{"@type":"WebSite","@id":"https:\/\/www.istanbulsanatferforje.com\/#website","url":"https:\/\/www.istanbulsanatferforje.com\/","name":"\u0130stanbul Sanat Ferforje","description":"","potentialAction":[{"@type":"SearchAction","target":{"@type":"EntryPoint","urlTemplate":"https:\/\/www.istanbulsanatferforje.com\/?s={search_term_string}"},"query-input":{"@type":"PropertyValueSpecification","valueRequired":true,"valueName":"search_term_string"}}],"inLanguage":"en-US"}]}},"acf":[],"_links":{"self":[{"href":"https:\/\/www.istanbulsanatferforje.com\/en\/wp-json\/wp\/v2\/pages\/7170"}],"collection":[{"href":"https:\/\/www.istanbulsanatferforje.com\/en\/wp-json\/wp\/v2\/pages"}],"about":[{"href":"https:\/\/www.istanbulsanatferforje.com\/en\/wp-json\/wp\/v2\/types\/page"}],"author":[{"embeddable":true,"href":"https:\/\/www.istanbulsanatferforje.com\/en\/wp-json\/wp\/v2\/users\/2"}],"replies":[{"embeddable":true,"href":"https:\/\/www.istanbulsanatferforje.com\/en\/wp-json\/wp\/v2\/comments?post=7170"}],"version-history":[{"count":7,"href":"https:\/\/www.istanbulsanatferforje.com\/en\/wp-json\/wp\/v2\/pages\/7170\/revisions"}],"predecessor-version":[{"id":7934,"href":"https:\/\/www.istanbulsanatferforje.com\/en\/wp-json\/wp\/v2\/pages\/7170\/revisions\/7934"}],"up":[{"embeddable":true,"href":"https:\/\/www.istanbulsanatferforje.com\/en\/wp-json\/wp\/v2\/pages\/7086"}],"wp:featuredmedia":[{"embeddable":true,"href":"https:\/\/www.istanbulsanatferforje.com\/en\/wp-json\/wp\/v2\/media\/7028"}],"wp:attachment":[{"href":"https:\/\/www.istanbulsanatferforje.com\/en\/wp-json\/wp\/v2\/media?parent=7170"}],"curies":[{"name":"wp","href":"https:\/\/api.w.org\/{rel}","templated":true}]}}