{"id":7214,"date":"2017-07-04T13:06:23","date_gmt":"2017-07-04T10:06:23","guid":{"rendered":"https:\/\/www.istanbulsanatferforje.com\/services\/tamir-ve-bakim"},"modified":"2021-03-08T08:51:26","modified_gmt":"2021-03-08T05:51:26","slug":"repair-and-maintenance","status":"publish","type":"page","link":"https:\/\/www.istanbulsanatferforje.com\/en\/services\/repair-and-maintenance","title":{"rendered":"Repair and Maintenance"},"content":{"rendered":"<h1> <strong> Istanbul Sanat Wrought Iron <\/strong><br \/>\nRepair, Maintenance and Service <\/h1>\n<hr \/>\n<p><strong> As the use of no product is endless, sometimes your wrought iron products you have bought a long time ago may also break, rust and similar deformations. we offer service. <\/strong><\/p>\n<p><em> You can deliver all your deformed wrought iron to us over time. <\/em><\/p>\n<h3> Warranty and Service <\/h3>\n<p>Apart from the repair and maintenance of the deformed wrought iron you have purchased from other companies, we stand behind all the wrought iron products we have designed as Istanbul Sanat Wrought Iron and we keep them under a 10-year warranty.<\/p>\n<p>You can trust Istanbul Sanat Wrought Iron and be sure that you will receive fast and high quality repair, maintenance and service for all your wrought iron products with reasonable prices and clean workmanship.<\/p>\n","protected":false},"excerpt":{"rendered":"<p>Lorem Ipsum, dizgi ve bask\u0131 end\u00fcstrisinde kullan\u0131lan m\u0131g\u0131r metinlerdir. Lorem Ipsum, ad\u0131 bilinmeyen bir matbaac\u0131n\u0131n bir hurufat numune..<\/p>\n","protected":false},"author":1,"featured_media":5358,"parent":7201,"menu_order":67,"comment_status":"closed","ping_status":"closed","template":"","meta":{"_joinchat":[],"footnotes":""},"class_list":["post-7214","page","type-page","status-publish","has-post-thumbnail","hentry"],"yoast_head":"<!-- This site is optimized with the Yoast SEO Premium plugin v23.5 (Yoast SEO v23.5) - https:\/\/yoast.com\/wordpress\/plugins\/seo\/ -->\n<title>Wrought Iron Repair and Maintenance Service - \u0130stanbul Sanat Wrought Iron<\/title>\n<meta name=\"description\" content=\"All wrought iron products that require repair and maintenance are at your service. You can meet with our expert team for your wrought iron and get detailed information.\" \/>\n<meta name=\"robots\" content=\"index, follow, max-snippet:-1, max-image-preview:large, max-video-preview:-1\" \/>\n<link rel=\"canonical\" href=\"https:\/\/www.istanbulsanatferforje.com\/en\/services\/repair-and-maintenance\" \/>\n<meta property=\"og:locale\" content=\"en_US\" \/>\n<meta property=\"og:type\" content=\"article\" \/>\n<meta property=\"og:title\" content=\"Repair and Maintenance\" \/>\n<meta property=\"og:description\" content=\"All wrought iron products that require repair and maintenance are at your service. You can meet with our expert team for your wrought iron and get detailed information.\" \/>\n<meta property=\"og:url\" content=\"https:\/\/www.istanbulsanatferforje.com\/en\/services\/repair-and-maintenance\" \/>\n<meta property=\"og:site_name\" content=\"\u0130stanbul Sanat Ferforje\" \/>\n<meta property=\"article:modified_time\" content=\"2021-03-08T05:51:26+00:00\" \/>\n<meta property=\"og:image\" content=\"https:\/\/www.istanbulsanatferforje.com\/wp-content\/uploads\/2017\/07\/FERFORJE-TAMIR-VE-BAKIM.jpg\" \/>\n\t<meta property=\"og:image:width\" content=\"301\" \/>\n\t<meta property=\"og:image:height\" content=\"472\" \/>\n\t<meta property=\"og:image:type\" content=\"image\/jpeg\" \/>\n<meta name=\"twitter:label1\" content=\"Est. reading time\" \/>\n\t<meta name=\"twitter:data1\" content=\"1 minute\" \/>\n<script type=\"application\/ld+json\" class=\"yoast-schema-graph\">{\"@context\":\"https:\/\/schema.org\",\"@graph\":[{\"@type\":\"WebPage\",\"@id\":\"https:\/\/www.istanbulsanatferforje.com\/en\/services\/repair-and-maintenance\",\"url\":\"https:\/\/www.istanbulsanatferforje.com\/en\/services\/repair-and-maintenance\",\"name\":\"Wrought Iron Repair and Maintenance Service - \u0130stanbul Sanat Wrought Iron\",\"isPartOf\":{\"@id\":\"https:\/\/www.istanbulsanatferforje.com\/#website\"},\"primaryImageOfPage\":{\"@id\":\"https:\/\/www.istanbulsanatferforje.com\/en\/services\/repair-and-maintenance#primaryimage\"},\"image\":{\"@id\":\"https:\/\/www.istanbulsanatferforje.com\/en\/services\/repair-and-maintenance#primaryimage\"},\"thumbnailUrl\":\"https:\/\/www.istanbulsanatferforje.com\/wp-content\/uploads\/2017\/07\/FERFORJE-TAMIR-VE-BAKIM.jpg\",\"datePublished\":\"2017-07-04T10:06:23+00:00\",\"dateModified\":\"2021-03-08T05:51:26+00:00\",\"description\":\"All wrought iron products that require repair and maintenance are at your service. You can meet with our expert team for your wrought iron and get detailed information.\",\"breadcrumb\":{\"@id\":\"https:\/\/www.istanbulsanatferforje.com\/en\/services\/repair-and-maintenance#breadcrumb\"},\"inLanguage\":\"en-US\",\"potentialAction\":[{\"@type\":\"ReadAction\",\"target\":[\"https:\/\/www.istanbulsanatferforje.com\/en\/services\/repair-and-maintenance\"]}]},{\"@type\":\"ImageObject\",\"inLanguage\":\"en-US\",\"@id\":\"https:\/\/www.istanbulsanatferforje.com\/en\/services\/repair-and-maintenance#primaryimage\",\"url\":\"https:\/\/www.istanbulsanatferforje.com\/wp-content\/uploads\/2017\/07\/FERFORJE-TAMIR-VE-BAKIM.jpg\",\"contentUrl\":\"https:\/\/www.istanbulsanatferforje.com\/wp-content\/uploads\/2017\/07\/FERFORJE-TAMIR-VE-BAKIM.jpg\",\"width\":301,\"height\":472,\"caption\":\"Ferforje Tamir ve Bak\u0131m\"},{\"@type\":\"BreadcrumbList\",\"@id\":\"https:\/\/www.istanbulsanatferforje.com\/en\/services\/repair-and-maintenance#breadcrumb\",\"itemListElement\":[{\"@type\":\"ListItem\",\"position\":1,\"name\":\"Ana Sayfa\",\"item\":\"https:\/\/www.istanbulsanatferforje.com\/en\"},{\"@type\":\"ListItem\",\"position\":2,\"name\":\"Services\",\"item\":\"https:\/\/www.istanbulsanatferforje.com\/en\/services\"},{\"@type\":\"ListItem\",\"position\":3,\"name\":\"Repair and Maintenance\"}]},{\"@type\":\"WebSite\",\"@id\":\"https:\/\/www.istanbulsanatferforje.com\/#website\",\"url\":\"https:\/\/www.istanbulsanatferforje.com\/\",\"name\":\"\u0130stanbul Sanat Ferforje\",\"description\":\"\",\"potentialAction\":[{\"@type\":\"SearchAction\",\"target\":{\"@type\":\"EntryPoint\",\"urlTemplate\":\"https:\/\/www.istanbulsanatferforje.com\/?s={search_term_string}\"},\"query-input\":{\"@type\":\"PropertyValueSpecification\",\"valueRequired\":true,\"valueName\":\"search_term_string\"}}],\"inLanguage\":\"en-US\"}]}<\/script>\n<!-- \/ Yoast SEO Premium plugin. -->","yoast_head_json":{"title":"Wrought Iron Repair and Maintenance Service - \u0130stanbul Sanat Wrought Iron","description":"All wrought iron products that require repair and maintenance are at your service. You can meet with our expert team for your wrought iron and get detailed information.","robots":{"index":"index","follow":"follow","max-snippet":"max-snippet:-1","max-image-preview":"max-image-preview:large","max-video-preview":"max-video-preview:-1"},"canonical":"https:\/\/www.istanbulsanatferforje.com\/en\/services\/repair-and-maintenance","og_locale":"en_US","og_type":"article","og_title":"Repair and Maintenance","og_description":"All wrought iron products that require repair and maintenance are at your service. You can meet with our expert team for your wrought iron and get detailed information.","og_url":"https:\/\/www.istanbulsanatferforje.com\/en\/services\/repair-and-maintenance","og_site_name":"\u0130stanbul Sanat Ferforje","article_modified_time":"2021-03-08T05:51:26+00:00","og_image":[{"width":301,"height":472,"url":"https:\/\/www.istanbulsanatferforje.com\/wp-content\/uploads\/2017\/07\/FERFORJE-TAMIR-VE-BAKIM.jpg","type":"image\/jpeg"}],"twitter_misc":{"Est. reading time":"1 minute"},"schema":{"@context":"https:\/\/schema.org","@graph":[{"@type":"WebPage","@id":"https:\/\/www.istanbulsanatferforje.com\/en\/services\/repair-and-maintenance","url":"https:\/\/www.istanbulsanatferforje.com\/en\/services\/repair-and-maintenance","name":"Wrought Iron Repair and Maintenance Service - \u0130stanbul Sanat Wrought Iron","isPartOf":{"@id":"https:\/\/www.istanbulsanatferforje.com\/#website"},"primaryImageOfPage":{"@id":"https:\/\/www.istanbulsanatferforje.com\/en\/services\/repair-and-maintenance#primaryimage"},"image":{"@id":"https:\/\/www.istanbulsanatferforje.com\/en\/services\/repair-and-maintenance#primaryimage"},"thumbnailUrl":"https:\/\/www.istanbulsanatferforje.com\/wp-content\/uploads\/2017\/07\/FERFORJE-TAMIR-VE-BAKIM.jpg","datePublished":"2017-07-04T10:06:23+00:00","dateModified":"2021-03-08T05:51:26+00:00","description":"All wrought iron products that require repair and maintenance are at your service. You can meet with our expert team for your wrought iron and get detailed information.","breadcrumb":{"@id":"https:\/\/www.istanbulsanatferforje.com\/en\/services\/repair-and-maintenance#breadcrumb"},"inLanguage":"en-US","potentialAction":[{"@type":"ReadAction","target":["https:\/\/www.istanbulsanatferforje.com\/en\/services\/repair-and-maintenance"]}]},{"@type":"ImageObject","inLanguage":"en-US","@id":"https:\/\/www.istanbulsanatferforje.com\/en\/services\/repair-and-maintenance#primaryimage","url":"https:\/\/www.istanbulsanatferforje.com\/wp-content\/uploads\/2017\/07\/FERFORJE-TAMIR-VE-BAKIM.jpg","contentUrl":"https:\/\/www.istanbulsanatferforje.com\/wp-content\/uploads\/2017\/07\/FERFORJE-TAMIR-VE-BAKIM.jpg","width":301,"height":472,"caption":"Ferforje Tamir ve Bak\u0131m"},{"@type":"BreadcrumbList","@id":"https:\/\/www.istanbulsanatferforje.com\/en\/services\/repair-and-maintenance#breadcrumb","itemListElement":[{"@type":"ListItem","position":1,"name":"Ana Sayfa","item":"https:\/\/www.istanbulsanatferforje.com\/en"},{"@type":"ListItem","position":2,"name":"Services","item":"https:\/\/www.istanbulsanatferforje.com\/en\/services"},{"@type":"ListItem","position":3,"name":"Repair and Maintenance"}]},{"@type":"WebSite","@id":"https:\/\/www.istanbulsanatferforje.com\/#website","url":"https:\/\/www.istanbulsanatferforje.com\/","name":"\u0130stanbul Sanat Ferforje","description":"","potentialAction":[{"@type":"SearchAction","target":{"@type":"EntryPoint","urlTemplate":"https:\/\/www.istanbulsanatferforje.com\/?s={search_term_string}"},"query-input":{"@type":"PropertyValueSpecification","valueRequired":true,"valueName":"search_term_string"}}],"inLanguage":"en-US"}]}},"acf":[],"_links":{"self":[{"href":"https:\/\/www.istanbulsanatferforje.com\/en\/wp-json\/wp\/v2\/pages\/7214"}],"collection":[{"href":"https:\/\/www.istanbulsanatferforje.com\/en\/wp-json\/wp\/v2\/pages"}],"about":[{"href":"https:\/\/www.istanbulsanatferforje.com\/en\/wp-json\/wp\/v2\/types\/page"}],"author":[{"embeddable":true,"href":"https:\/\/www.istanbulsanatferforje.com\/en\/wp-json\/wp\/v2\/users\/1"}],"replies":[{"embeddable":true,"href":"https:\/\/www.istanbulsanatferforje.com\/en\/wp-json\/wp\/v2\/comments?post=7214"}],"version-history":[{"count":4,"href":"https:\/\/www.istanbulsanatferforje.com\/en\/wp-json\/wp\/v2\/pages\/7214\/revisions"}],"predecessor-version":[{"id":7802,"href":"https:\/\/www.istanbulsanatferforje.com\/en\/wp-json\/wp\/v2\/pages\/7214\/revisions\/7802"}],"up":[{"embeddable":true,"href":"https:\/\/www.istanbulsanatferforje.com\/en\/wp-json\/wp\/v2\/pages\/7201"}],"wp:featuredmedia":[{"embeddable":true,"href":"https:\/\/www.istanbulsanatferforje.com\/en\/wp-json\/wp\/v2\/media\/5358"}],"wp:attachment":[{"href":"https:\/\/www.istanbulsanatferforje.com\/en\/wp-json\/wp\/v2\/media?parent=7214"}],"curies":[{"name":"wp","href":"https:\/\/api.w.org\/{rel}","templated":true}]}}